{"id":36,"date":"2025-07-02T17:30:17","date_gmt":"2025-07-02T17:30:17","guid":{"rendered":"https:\/\/homecard.com.br\/portal\/index.php\/contact\/"},"modified":"2025-08-19T18:40:08","modified_gmt":"2025-08-19T18:40:08","slug":"contato-sites-juiz-de-fora","status":"publish","type":"page","link":"https:\/\/homecard.com.br\/portal\/index.php\/contato-sites-juiz-de-fora\/","title":{"rendered":"Contato"},"content":{"rendered":"\n\n\n\n\n\n\n\n\n\n\n<h2>FALE CONOSCO<\/h2>\n\n\n\n\n\n\n\neNDERE\u00c7O\n\n\n\n<p>Rua: Doutor Sebasti\u00e3o de Andrade, 219, Eldorado &#8211; Juiz de Fora-MG<\/p>\n\n\n\n\n\n\n\nTELEFONE\n\n\n\n\n\nContato Principal e Priorit\u00e1rio para suporte ao Cliente: (32) 9 9918-2996\n\n\n\n\n\n\n\nENDERE\u00c7O EMAIL\n\n\n\n\n\nContato Principal e Priorit\u00e1rio para suporte ao Cliente: homecard@homecard.com.br<br>\n\n\n\n\n\n\n\n\n\n\n\n\n\n\n\n\n\n\n\n\n\n<iframe src=\"https:\/\/www.google.com\/maps\/embed?pb=!1m18!1m12!1m3!1d3706.131662939424!2d-43.363067099999995!3d-21.7364208!2m3!1f0!2f0!3f0!3m2!1i1024!2i768!4f13.1!3m3!1m2!1s0x989cf38887eb1b%3A0xe35c98c0aa1799cc!2sHomecard%20Desenvolvimento%20de%20Sites!5e0!3m2!1spt-BR!2sbr!4v1753223247332!5m2!1spt-BR!2sbr\" width=\"100%\" height=\"350\" style=\"border:0;\" allowfullscreen=\"\" loading=\"lazy\" referrerpolicy=\"no-referrer-when-downgrade\"><\/iframe>\n\n\n\n\n\n<p class=\"has-text-align-center has-medium-font-size\"><a href=\"https:\/\/l1nk.dev\/homecardsites\">Clique Aqui!<\/a><\/p>\n\n\n\n<p class=\"has-text-align-center has-large-font-size\">Hor\u00e1rio de Atendimento: De 09:00h \u00e0s 12:00h <br>e 14h \u00e0s 17h.<\/p>\n\n\n\n<p class=\"has-text-align-center\">Atendimento com urg\u00eancia WhatsApp: (32) 98452-2592 <br><strong>Identifique o nome da empresa e qual o assunto.<\/strong><\/p>\n","protected":false},"excerpt":{"rendered":"<p>Clique Aqui! Hor\u00e1rio de Atendimento: De 09:00h \u00e0s 12:00h e 14h \u00e0s 17h. Atendimento com urg\u00eancia WhatsApp: (32) 98452-2592 Identifique o nome da empresa e qual o assunto.<\/p>\n","protected":false},"author":1,"featured_media":0,"parent":0,"menu_order":0,"comment_status":"closed","ping_status":"closed","template":"","meta":{"pagelayer_contact_templates":[],"_pagelayer_content":"","_joinchat":[],"footnotes":""},"class_list":["post-36","page","type-page","status-publish","hentry"],"yoast_head":"<!-- This site is optimized with the Yoast SEO plugin v25.8 - https:\/\/yoast.com\/wordpress\/plugins\/seo\/ -->\n<title>Contato - Homecard Desenvolvimento e Cria\u00e7\u00e3o de Sites em Juiz de Fora-MG (32) 9 8844-3992<\/title>\n<meta name=\"robots\" content=\"index, follow, max-snippet:-1, max-image-preview:large, max-video-preview:-1\" \/>\n<link rel=\"canonical\" href=\"https:\/\/homecard.com.br\/portal\/index.php\/contato-sites-juiz-de-fora\/\" \/>\n<meta property=\"og:locale\" content=\"pt_BR\" \/>\n<meta property=\"og:type\" content=\"article\" \/>\n<meta property=\"og:title\" content=\"Contato - Homecard Desenvolvimento e Cria\u00e7\u00e3o de Sites em Juiz de Fora-MG (32) 9 8844-3992\" \/>\n<meta property=\"og:description\" content=\"Clique Aqui! Hor\u00e1rio de Atendimento: De 09:00h \u00e0s 12:00h e 14h \u00e0s 17h. Atendimento com urg\u00eancia WhatsApp: (32) 98452-2592 Identifique o nome da empresa e qual o assunto.\" \/>\n<meta property=\"og:url\" content=\"https:\/\/homecard.com.br\/portal\/index.php\/contato-sites-juiz-de-fora\/\" \/>\n<meta property=\"og:site_name\" content=\"Homecard Desenvolvimento e Cria\u00e7\u00e3o de Sites em Juiz de Fora-MG (32) 9 8844-3992\" \/>\n<meta property=\"article:modified_time\" content=\"2025-08-19T18:40:08+00:00\" \/>\n<meta name=\"twitter:card\" content=\"summary_large_image\" \/>\n<meta name=\"twitter:label1\" content=\"Est. tempo de leitura\" \/>\n\t<meta name=\"twitter:data1\" content=\"1 minuto\" \/>\n<script type=\"application\/ld+json\" class=\"yoast-schema-graph\">{\"@context\":\"https:\/\/schema.org\",\"@graph\":[{\"@type\":\"WebPage\",\"@id\":\"https:\/\/homecard.com.br\/portal\/index.php\/contato-sites-juiz-de-fora\/\",\"url\":\"https:\/\/homecard.com.br\/portal\/index.php\/contato-sites-juiz-de-fora\/\",\"name\":\"Contato - Homecard Desenvolvimento e Cria\u00e7\u00e3o de Sites em Juiz de Fora-MG (32) 9 8844-3992\",\"isPartOf\":{\"@id\":\"https:\/\/homecard.com.br\/portal\/#website\"},\"datePublished\":\"2025-07-02T17:30:17+00:00\",\"dateModified\":\"2025-08-19T18:40:08+00:00\",\"breadcrumb\":{\"@id\":\"https:\/\/homecard.com.br\/portal\/index.php\/contato-sites-juiz-de-fora\/#breadcrumb\"},\"inLanguage\":\"pt-BR\",\"potentialAction\":[{\"@type\":\"ReadAction\",\"target\":[\"https:\/\/homecard.com.br\/portal\/index.php\/contato-sites-juiz-de-fora\/\"]}]},{\"@type\":\"BreadcrumbList\",\"@id\":\"https:\/\/homecard.com.br\/portal\/index.php\/contato-sites-juiz-de-fora\/#breadcrumb\",\"itemListElement\":[{\"@type\":\"ListItem\",\"position\":1,\"name\":\"In\u00edcio\",\"item\":\"https:\/\/homecard.com.br\/portal\/\"},{\"@type\":\"ListItem\",\"position\":2,\"name\":\"Contato\"}]},{\"@type\":\"WebSite\",\"@id\":\"https:\/\/homecard.com.br\/portal\/#website\",\"url\":\"https:\/\/homecard.com.br\/portal\/\",\"name\":\"Homecard Sites | Desenvolvimento e Cria\u00e7\u00e3o de Sites em Juiz de Fora-MG | (32) 9 8844-3992\",\"description\":\"Especialistas em desenvolvimento e cria\u00e7\u00e3o de sites em Juiz de Fora-MG, a Homecard oferece solu\u00e7\u00f5es digitais completas para impulsionar seu neg\u00f3cio. De sites profissionais a lojas virtuais, nossa miss\u00e3o \u00e9 transformar suas ideias em resultados concretos.\",\"publisher\":{\"@id\":\"https:\/\/homecard.com.br\/portal\/#organization\"},\"potentialAction\":[{\"@type\":\"SearchAction\",\"target\":{\"@type\":\"EntryPoint\",\"urlTemplate\":\"https:\/\/homecard.com.br\/portal\/?s={search_term_string}\"},\"query-input\":{\"@type\":\"PropertyValueSpecification\",\"valueRequired\":true,\"valueName\":\"search_term_string\"}}],\"inLanguage\":\"pt-BR\"},{\"@type\":\"Organization\",\"@id\":\"https:\/\/homecard.com.br\/portal\/#organization\",\"name\":\"Homecard LTDA\",\"url\":\"https:\/\/homecard.com.br\/portal\/\",\"logo\":{\"@type\":\"ImageObject\",\"inLanguage\":\"pt-BR\",\"@id\":\"https:\/\/homecard.com.br\/portal\/#\/schema\/logo\/image\/\",\"url\":\"https:\/\/homecard.com.br\/portal\/wp-content\/uploads\/2025\/07\/logo-H-homecard.png\",\"contentUrl\":\"https:\/\/homecard.com.br\/portal\/wp-content\/uploads\/2025\/07\/logo-H-homecard.png\",\"width\":921,\"height\":865,\"caption\":\"Homecard LTDA\"},\"image\":{\"@id\":\"https:\/\/homecard.com.br\/portal\/#\/schema\/logo\/image\/\"},\"sameAs\":[\"https:\/\/www.instagram.com\/homecardsites\"]}]}<\/script>\n<!-- \/ Yoast SEO plugin. -->","yoast_head_json":{"title":"Contato - Homecard Desenvolvimento e Cria\u00e7\u00e3o de Sites em Juiz de Fora-MG (32) 9 8844-3992","robots":{"index":"index","follow":"follow","max-snippet":"max-snippet:-1","max-image-preview":"max-image-preview:large","max-video-preview":"max-video-preview:-1"},"canonical":"https:\/\/homecard.com.br\/portal\/index.php\/contato-sites-juiz-de-fora\/","og_locale":"pt_BR","og_type":"article","og_title":"Contato - Homecard Desenvolvimento e Cria\u00e7\u00e3o de Sites em Juiz de Fora-MG (32) 9 8844-3992","og_description":"Clique Aqui! Hor\u00e1rio de Atendimento: De 09:00h \u00e0s 12:00h e 14h \u00e0s 17h. Atendimento com urg\u00eancia WhatsApp: (32) 98452-2592 Identifique o nome da empresa e qual o assunto.","og_url":"https:\/\/homecard.com.br\/portal\/index.php\/contato-sites-juiz-de-fora\/","og_site_name":"Homecard Desenvolvimento e Cria\u00e7\u00e3o de Sites em Juiz de Fora-MG (32) 9 8844-3992","article_modified_time":"2025-08-19T18:40:08+00:00","twitter_card":"summary_large_image","twitter_misc":{"Est. tempo de leitura":"1 minuto"},"schema":{"@context":"https:\/\/schema.org","@graph":[{"@type":"WebPage","@id":"https:\/\/homecard.com.br\/portal\/index.php\/contato-sites-juiz-de-fora\/","url":"https:\/\/homecard.com.br\/portal\/index.php\/contato-sites-juiz-de-fora\/","name":"Contato - Homecard Desenvolvimento e Cria\u00e7\u00e3o de Sites em Juiz de Fora-MG (32) 9 8844-3992","isPartOf":{"@id":"https:\/\/homecard.com.br\/portal\/#website"},"datePublished":"2025-07-02T17:30:17+00:00","dateModified":"2025-08-19T18:40:08+00:00","breadcrumb":{"@id":"https:\/\/homecard.com.br\/portal\/index.php\/contato-sites-juiz-de-fora\/#breadcrumb"},"inLanguage":"pt-BR","potentialAction":[{"@type":"ReadAction","target":["https:\/\/homecard.com.br\/portal\/index.php\/contato-sites-juiz-de-fora\/"]}]},{"@type":"BreadcrumbList","@id":"https:\/\/homecard.com.br\/portal\/index.php\/contato-sites-juiz-de-fora\/#breadcrumb","itemListElement":[{"@type":"ListItem","position":1,"name":"In\u00edcio","item":"https:\/\/homecard.com.br\/portal\/"},{"@type":"ListItem","position":2,"name":"Contato"}]},{"@type":"WebSite","@id":"https:\/\/homecard.com.br\/portal\/#website","url":"https:\/\/homecard.com.br\/portal\/","name":"Homecard Sites | Desenvolvimento e Cria\u00e7\u00e3o de Sites em Juiz de Fora-MG | (32) 9 8844-3992","description":"Especialistas em desenvolvimento e cria\u00e7\u00e3o de sites em Juiz de Fora-MG, a Homecard oferece solu\u00e7\u00f5es digitais completas para impulsionar seu neg\u00f3cio. De sites profissionais a lojas virtuais, nossa miss\u00e3o \u00e9 transformar suas ideias em resultados concretos.","publisher":{"@id":"https:\/\/homecard.com.br\/portal\/#organization"},"potentialAction":[{"@type":"SearchAction","target":{"@type":"EntryPoint","urlTemplate":"https:\/\/homecard.com.br\/portal\/?s={search_term_string}"},"query-input":{"@type":"PropertyValueSpecification","valueRequired":true,"valueName":"search_term_string"}}],"inLanguage":"pt-BR"},{"@type":"Organization","@id":"https:\/\/homecard.com.br\/portal\/#organization","name":"Homecard LTDA","url":"https:\/\/homecard.com.br\/portal\/","logo":{"@type":"ImageObject","inLanguage":"pt-BR","@id":"https:\/\/homecard.com.br\/portal\/#\/schema\/logo\/image\/","url":"https:\/\/homecard.com.br\/portal\/wp-content\/uploads\/2025\/07\/logo-H-homecard.png","contentUrl":"https:\/\/homecard.com.br\/portal\/wp-content\/uploads\/2025\/07\/logo-H-homecard.png","width":921,"height":865,"caption":"Homecard LTDA"},"image":{"@id":"https:\/\/homecard.com.br\/portal\/#\/schema\/logo\/image\/"},"sameAs":["https:\/\/www.instagram.com\/homecardsites"]}]}},"_links":{"self":[{"href":"https:\/\/homecard.com.br\/portal\/index.php\/wp-json\/wp\/v2\/pages\/36","targetHints":{"allow":["GET"]}}],"collection":[{"href":"https:\/\/homecard.com.br\/portal\/index.php\/wp-json\/wp\/v2\/pages"}],"about":[{"href":"https:\/\/homecard.com.br\/portal\/index.php\/wp-json\/wp\/v2\/types\/page"}],"author":[{"embeddable":true,"href":"https:\/\/homecard.com.br\/portal\/index.php\/wp-json\/wp\/v2\/users\/1"}],"replies":[{"embeddable":true,"href":"https:\/\/homecard.com.br\/portal\/index.php\/wp-json\/wp\/v2\/comments?post=36"}],"version-history":[{"count":13,"href":"https:\/\/homecard.com.br\/portal\/index.php\/wp-json\/wp\/v2\/pages\/36\/revisions"}],"predecessor-version":[{"id":345,"href":"https:\/\/homecard.com.br\/portal\/index.php\/wp-json\/wp\/v2\/pages\/36\/revisions\/345"}],"wp:attachment":[{"href":"https:\/\/homecard.com.br\/portal\/index.php\/wp-json\/wp\/v2\/media?parent=36"}],"curies":[{"name":"wp","href":"https:\/\/api.w.org\/{rel}","templated":true}]}}