{"id":241,"date":"2025-07-23T03:48:37","date_gmt":"2025-07-23T03:48:37","guid":{"rendered":"https:\/\/homecard.com.br\/portal\/?page_id=241"},"modified":"2025-07-30T23:22:04","modified_gmt":"2025-07-30T23:22:04","slug":"sites-em-juiz-de-fora-mg","status":"publish","type":"page","link":"https:\/\/homecard.com.br\/portal\/index.php\/sites-em-juiz-de-fora-mg\/","title":{"rendered":"Sites em Juiz de Fora-MG"},"content":{"rendered":"\n\n\n\n\n\n\n\n\n\n\n<h1 class=\"wp-block-heading has-black-color has-text-color has-link-color wp-elements-75172af506bb26ff2fbe2dbf00578eea\">Sites em Juiz de Fora-MG: Solu\u00e7\u00f5es Digitais Completas com a Homecard<\/h1>\n\n\n\n<p>Na <strong>Homecard<\/strong>, somos especialistas em <strong>desenvolvimento e cria\u00e7\u00e3o de sites em Juiz de Fora-MG<\/strong> e regi\u00e3o desde 2003. Oferecemos uma gama completa de servi\u00e7os para impulsionar a presen\u00e7a digital do seu neg\u00f3cio. Nossas solu\u00e7\u00f5es incluem <strong>Loja Virtual<\/strong>, <strong>Aplicativos<\/strong>, <strong>Marketing Digital<\/strong>, e <strong>Sites Responsivos<\/strong> com layout 100% profissional, sempre focados nos mecanismos de busca. O mais importante \u00e9 que tudo isso vem com suporte \u00e1gil e personalizado.<\/p>\n\n\n\n<hr class=\"wp-block-separator has-alpha-channel-opacity\"\/>\n\n\n\n<h2 class=\"wp-block-heading\">O Poder do V\u00eddeo Institucional para a sua Marca<\/h2>\n\n\n\n<p>Pense nisso: um v\u00eddeo institucional como este apresentando sua empresa. Sem d\u00favida, isso passaria mais credibilidade para o mercado, certo?<\/p>\n\n\n\n<figure class=\"wp-block-embed aligncenter is-type-video is-provider-youtube wp-block-embed-youtube wp-embed-aspect-16-9 wp-has-aspect-ratio\"><div class=\"wp-block-embed__wrapper\">\n<iframe loading=\"lazy\" title=\"Homecard Desenvolvimento Web - Lojas Virtuais, Cria\u00e7\u00e3o de Sites, Aplicativos e muito mais.\" width=\"500\" height=\"281\" src=\"https:\/\/www.youtube.com\/embed\/nLYD8HrzY20?feature=oembed\" frameborder=\"0\" allow=\"accelerometer; autoplay; clipboard-write; encrypted-media; gyroscope; picture-in-picture; web-share\" referrerpolicy=\"strict-origin-when-cross-origin\" allowfullscreen><\/iframe>\n<\/div><\/figure>\n\n\n\n<p>Pense nisso: um v\u00eddeo institucional como este apresentando sua empresa. Isso passaria mais credibilidade para o mercado, certo?<\/p>\n\n\n\n<p>Al\u00e9m do aumento da visibilidade, um v\u00eddeo permite que voc\u00ea anuncie em diversos canais de comunica\u00e7\u00e3o, como o <strong>YouTube Ads<\/strong>, alcan\u00e7ando um p\u00fablico muito mais amplo.<\/p>\n\n\n\n<hr class=\"wp-block-separator has-alpha-channel-opacity\"\/>\n\n\n\n<h2 class=\"wp-block-heading\">Nossos Servi\u00e7os em Detalhes<\/h2>\n\n\n\n<h3 class=\"wp-block-heading has-black-color has-text-color has-link-color wp-elements-775e50b3a7f0f464776f8c0c9b5a8725\">Desenvolvimento de Sites Responsivos<\/h3>\n\n\n\n<p>Desenvolvemos sites totalmente responsivos que se adaptam perfeitamente a celulares e tablets, com alta pontua\u00e7\u00e3o de velocidade para rodar bem at\u00e9 em redes 4G. <strong>Com isso<\/strong>, garantimos uma excelente experi\u00eancia ao usu\u00e1rio.<\/p>\n\n\n\n<h3 class=\"wp-block-heading has-vivid-red-color has-text-color has-link-color wp-elements-d70f6bc5540ee6f03e47ca92277cbe61\">Otimiza\u00e7\u00e3o SEO<\/h3>\n\n\n\n<p>A utiliza\u00e7\u00e3o de t\u00e9cnicas de SEO resulta em um melhor posicionamento do seu site nas p\u00e1ginas de resultados de busca. <strong>Dessa forma<\/strong>, voc\u00ea alcan\u00e7a mais clientes e amplia sua visibilidade online.<\/p>\n\n\n\n<h3 class=\"wp-block-heading has-vivid-red-color has-text-color has-link-color wp-elements-5a00d290d6ee165988e090c5315b39e7\">Interfaces Lindas<\/h3>\n\n\n\n<p>Desenvolvemos nossos sites baseados no conceito de UI\/UX, garantindo a melhor experi\u00eancia para os seus usu\u00e1rios. <strong>Assim<\/strong>, seu p\u00fablico ter\u00e1 uma navega\u00e7\u00e3o intuitiva e agrad\u00e1vel.<\/p>\n\n\n\n<h3 class=\"wp-block-heading has-vivid-red-color has-text-color has-link-color wp-elements-1048614d98c0715006aef91c4d83ea83\">Cria\u00e7\u00e3o de Aplicativos Mobile<\/h3>\n\n\n\n<p>Esteja em mais um meio de comunica\u00e7\u00e3o para atender melhor seus clientes. A Homecard cria <strong>Aplicativos Mobile<\/strong> personalizados e aptos para as necessidades do seu neg\u00f3cio em Juiz de Fora-MG. <strong>Consequentemente<\/strong>, voc\u00ea estar\u00e1 sempre conectado ao seu p\u00fablico.<\/p>\n\n\n\n<h3 class=\"wp-block-heading has-vivid-red-color has-text-color has-link-color wp-elements-94a17d3c85dd5b37b8187421fa7b4594\">Marketing e Produ\u00e7\u00e3o de V\u00eddeo<\/h3>\n\n\n\n<p>Al\u00e9m da cria\u00e7\u00e3o de Apps, fornecemos servi\u00e7os de <strong>cria\u00e7\u00e3o de v\u00eddeos comerciais<\/strong>, <strong>v\u00eddeos institucionais<\/strong>, <strong>publicidade e marketing<\/strong>, bem como <strong>anima\u00e7\u00f5es 2D\/3D<\/strong> e muito mais. <strong>De fato<\/strong>, oferecemos solu\u00e7\u00f5es visuais completas.<\/p>\n\n\n\n<hr class=\"wp-block-separator has-alpha-channel-opacity\"\/>\n\n\n\n<h2 class=\"wp-block-heading\">Pronto para Impulsionar Seu Neg\u00f3cio?<\/h2>\n\n\n\n<p>Est\u00e1 procurando uma empresa experiente, inovadora e com foco em resultados? <strong>Nesse caso<\/strong>, temos a solu\u00e7\u00e3o ideal para voc\u00ea. <strong>Ent\u00e3o<\/strong>, entre em contato, solicite uma visita ou pe\u00e7a um or\u00e7amento sem compromisso. <strong>Juntos<\/strong>, vamos transformar suas ideias em realidade.<\/p>\n\n\n\n<p><span style=\"line-height: 1.5;\"><center><img decoding=\"async\" draggable=\"true\" role=\"img\" class=\"emoji\" src=\"https:\/\/s.w.org\/images\/core\/emoji\/15.1.0\/svg\/1f449.svg\" alt=\"\ud83d\udc49\"><strong style=\"font-size: revert; color: initial;\">Clique aqui para solicitar seu or\u00e7amento!<\/strong><\/center><\/span><\/p>\n\n\n\n\n\n<span style=\"line-height: 1.5;\"><p>Est\u00e1 procurando uma empresa experiente, inovadora e com foco em resultados? Temos a solu\u00e7\u00e3o ideal para voc\u00ea. Entre em contato, solicite uma visita ou pe\u00e7a um or\u00e7amento sem compromisso. Vamos juntos transformar suas ideias em realidade.<br> <strong>Clique aqui para solicitar seu or\u00e7amento<\/strong><\/p><\/span>\n\n\n\n\n\n\n\n\n\n\n\n\n\n\n\n\n\n\n\n\n\n\n\n\n\n\n\n\n\n\n\n\n\n\n\n\n\n\n\n\n\n\n\n\n\n\n\n\n\n\n\n\n\n\n\n\n\n<p>Lorem Ipsum has been the industry&#8217;s standard dummy text ever since the 1500s.<\/p>\n\n\n\n<h2 class=\"wp-block-heading\">Amplie seu Alcance com Estrat\u00e9gias Digitais<\/h2>\n\n\n\n<p><strong>Al\u00e9m dos sites<\/strong>, a Homecard oferece consultoria estrat\u00e9gica para que sua empresa maximize o potencial do ambiente digital. <strong>Nesse sentido<\/strong>, analisamos seu mercado e p\u00fablico-alvo para desenvolver campanhas de marketing digital eficazes. <strong>Com efeito<\/strong>, isso inclui desde a gest\u00e3o de redes sociais at\u00e9 a otimiza\u00e7\u00e3o de campanagens de tr\u00e1fego pago. <strong>Portanto<\/strong>, voc\u00ea n\u00e3o apenas ter\u00e1 um site profissional, mas tamb\u00e9m uma estrat\u00e9gia digital completa que gera leads e vendas. <strong>Em outras palavras<\/strong>, nosso compromisso \u00e9 com o seu crescimento sustent\u00e1vel. <strong>Assim<\/strong>, sua marca ganhar\u00e1 destaque e reconhecimento em Juiz de Fora e al\u00e9m. <strong>Dessa forma<\/strong>, constru\u00edmos juntos o caminho para o seu sucesso online.<\/p>\n\n\n\n\n\n<h2>Porque nos Escolher?<\/h2>\n\n\n\n<p>Porque unimos <strong data-start=\"187\" data-end=\"240\">experi\u00eancia, inova\u00e7\u00e3o e atendimento personalizado<\/strong> para entregar solu\u00e7\u00f5es digitais sob medida. Com mais de 22 anos de mercado, oferecemos <strong data-start=\"328\" data-end=\"400\">sites profissionais, lojas virtuais em WordPress<\/strong>, <strong>sistemas<\/strong> e <strong>aplicativos<\/strong> sempre com foco em <strong data-start=\"421\" data-end=\"459\">qualidade, performance e resultado<\/strong>.<\/p>\n\n\n\n\n\n\n\n\n\n\n\n\n\n<h2 class=\"wp-block-heading\">A Parceria Ideal para a Inova\u00e7\u00e3o em Juiz de Fora<\/h2>\n\n\n\n<p><strong>Finalmente<\/strong>, escolher a Homecard significa investir em uma parceria de longo prazo. <strong>Isso porque<\/strong>, n\u00e3o apenas entregamos projetos, mas tamb\u00e9m oferecemos suporte cont\u00ednuo e acompanhamento p\u00f3s-lan\u00e7amento. <strong>Com efeito<\/strong>, nossa equipe permanece \u00e0 disposi\u00e7\u00e3o para ajustes, atualiza\u00e7\u00f5es e novas ideias. <strong>Consequentemente<\/strong>, seu site estar\u00e1 sempre atualizado e performando no seu melhor. <strong>Al\u00e9m disso<\/strong>, ao escolher uma empresa local em Juiz de Fora, voc\u00ea garante um atendimento personalizado e pr\u00f3ximo. <strong>De fato<\/strong>, estamos sempre acess\u00edveis para um bate-papo e para entender suas necessidades de perto. <strong>Portanto<\/strong>, deixe-nos ser a ponte entre sua vis\u00e3o e o sucesso digital.<\/p>\n\n\n\n<h2 class=\"wp-block-heading\">Links de Refer\u00eancia como nossos Projetos s\u00e3o Desenvolvidos!<\/h2>\n\n\n\n<ul class=\"wp-block-list\">\n<li><a class=\"\" href=\"https:\/\/www.joomla.org\/\">Joomla &#8211; CMS Oficial<\/a><\/li>\n\n\n\n<li><a class=\"\" href=\"https:\/\/wordpress.org\/\">WordPress.org &#8211; Plataforma CMS<\/a><\/li>\n\n\n\n<li><a class=\"\" href=\"https:\/\/www.w3.org\/\">Certifica\u00e7\u00e3o W3C<\/a><\/li>\n<\/ul>\n\n\n\n<h2 class=\"wp-block-heading\">A Parceria Ideal para a Inova\u00e7\u00e3o em Juiz de Fora<\/h2>\n","protected":false},"excerpt":{"rendered":"<p>Sites em Juiz de Fora-MG: Solu\u00e7\u00f5es Digitais Completas com a Homecard Na Homecard, somos especialistas em desenvolvimento e cria\u00e7\u00e3o de sites em Juiz de Fora-MG e regi\u00e3o desde 2003. Oferecemos uma gama completa de servi\u00e7os para impulsionar a presen\u00e7a digital do seu neg\u00f3cio. Nossas solu\u00e7\u00f5es incluem Loja Virtual, Aplicativos, Marketing Digital, e Sites Responsivos com [&hellip;]<\/p>\n","protected":false},"author":1,"featured_media":0,"parent":0,"menu_order":0,"comment_status":"closed","ping_status":"closed","template":"","meta":{"pagelayer_contact_templates":[],"_pagelayer_content":"","_joinchat":[],"footnotes":""},"class_list":["post-241","page","type-page","status-publish","hentry"],"yoast_head":"<!-- This site is optimized with the Yoast SEO plugin v25.8 - https:\/\/yoast.com\/wordpress\/plugins\/seo\/ -->\n<title>Sites em Juiz de Fora-MG - Homecard Desenvolvimento e Cria\u00e7\u00e3o de Sites em Juiz de Fora-MG (32) 9 8844-3992<\/title>\n<meta name=\"description\" content=\"Desenvolvimento de sites em Juiz de Fora e projetos personalizados com foco em inova\u00e7\u00e3o, atendimento e resultados.\" \/>\n<meta name=\"robots\" content=\"index, follow, max-snippet:-1, max-image-preview:large, max-video-preview:-1\" \/>\n<link rel=\"canonical\" href=\"https:\/\/homecard.com.br\/portal\/index.php\/sites-em-juiz-de-fora-mg\/\" \/>\n<meta property=\"og:locale\" content=\"pt_BR\" \/>\n<meta property=\"og:type\" content=\"article\" \/>\n<meta property=\"og:title\" content=\"Sites em Juiz de Fora-MG - Homecard Desenvolvimento e Cria\u00e7\u00e3o de Sites em Juiz de Fora-MG (32) 9 8844-3992\" \/>\n<meta property=\"og:description\" content=\"Desenvolvimento de sites em Juiz de Fora e projetos personalizados com foco em inova\u00e7\u00e3o, atendimento e resultados.\" \/>\n<meta property=\"og:url\" content=\"https:\/\/homecard.com.br\/portal\/index.php\/sites-em-juiz-de-fora-mg\/\" \/>\n<meta property=\"og:site_name\" content=\"Homecard Desenvolvimento e Cria\u00e7\u00e3o de Sites em Juiz de Fora-MG (32) 9 8844-3992\" \/>\n<meta property=\"article:modified_time\" content=\"2025-07-30T23:22:04+00:00\" \/>\n<meta property=\"og:image\" content=\"https:\/\/s.w.org\/images\/core\/emoji\/15.1.0\/svg\/1f449.svg\" \/>\n<meta name=\"twitter:card\" content=\"summary_large_image\" \/>\n<meta name=\"twitter:label1\" content=\"Est. tempo de leitura\" \/>\n\t<meta name=\"twitter:data1\" content=\"4 minutos\" \/>\n<script type=\"application\/ld+json\" class=\"yoast-schema-graph\">{\"@context\":\"https:\/\/schema.org\",\"@graph\":[{\"@type\":\"WebPage\",\"@id\":\"https:\/\/homecard.com.br\/portal\/index.php\/sites-em-juiz-de-fora-mg\/\",\"url\":\"https:\/\/homecard.com.br\/portal\/index.php\/sites-em-juiz-de-fora-mg\/\",\"name\":\"Sites em Juiz de Fora-MG - Homecard Desenvolvimento e Cria\u00e7\u00e3o de Sites em Juiz de Fora-MG (32) 9 8844-3992\",\"isPartOf\":{\"@id\":\"https:\/\/homecard.com.br\/portal\/#website\"},\"primaryImageOfPage\":{\"@id\":\"https:\/\/homecard.com.br\/portal\/index.php\/sites-em-juiz-de-fora-mg\/#primaryimage\"},\"image\":{\"@id\":\"https:\/\/homecard.com.br\/portal\/index.php\/sites-em-juiz-de-fora-mg\/#primaryimage\"},\"thumbnailUrl\":\"https:\/\/s.w.org\/images\/core\/emoji\/15.1.0\/svg\/1f449.svg\",\"datePublished\":\"2025-07-23T03:48:37+00:00\",\"dateModified\":\"2025-07-30T23:22:04+00:00\",\"description\":\"Desenvolvimento de sites em Juiz de Fora e projetos personalizados com foco em inova\u00e7\u00e3o, atendimento e resultados.\",\"breadcrumb\":{\"@id\":\"https:\/\/homecard.com.br\/portal\/index.php\/sites-em-juiz-de-fora-mg\/#breadcrumb\"},\"inLanguage\":\"pt-BR\",\"potentialAction\":[{\"@type\":\"ReadAction\",\"target\":[\"https:\/\/homecard.com.br\/portal\/index.php\/sites-em-juiz-de-fora-mg\/\"]}]},{\"@type\":\"ImageObject\",\"inLanguage\":\"pt-BR\",\"@id\":\"https:\/\/homecard.com.br\/portal\/index.php\/sites-em-juiz-de-fora-mg\/#primaryimage\",\"url\":\"https:\/\/s.w.org\/images\/core\/emoji\/15.1.0\/svg\/1f449.svg\",\"contentUrl\":\"https:\/\/s.w.org\/images\/core\/emoji\/15.1.0\/svg\/1f449.svg\"},{\"@type\":\"BreadcrumbList\",\"@id\":\"https:\/\/homecard.com.br\/portal\/index.php\/sites-em-juiz-de-fora-mg\/#breadcrumb\",\"itemListElement\":[{\"@type\":\"ListItem\",\"position\":1,\"name\":\"In\u00edcio\",\"item\":\"https:\/\/homecard.com.br\/portal\/\"},{\"@type\":\"ListItem\",\"position\":2,\"name\":\"Sites em Juiz de Fora-MG\"}]},{\"@type\":\"WebSite\",\"@id\":\"https:\/\/homecard.com.br\/portal\/#website\",\"url\":\"https:\/\/homecard.com.br\/portal\/\",\"name\":\"Homecard Sites | Desenvolvimento e Cria\u00e7\u00e3o de Sites em Juiz de Fora-MG | (32) 9 8844-3992\",\"description\":\"Especialistas em desenvolvimento e cria\u00e7\u00e3o de sites em Juiz de Fora-MG, a Homecard oferece solu\u00e7\u00f5es digitais completas para impulsionar seu neg\u00f3cio. De sites profissionais a lojas virtuais, nossa miss\u00e3o \u00e9 transformar suas ideias em resultados concretos.\",\"publisher\":{\"@id\":\"https:\/\/homecard.com.br\/portal\/#organization\"},\"potentialAction\":[{\"@type\":\"SearchAction\",\"target\":{\"@type\":\"EntryPoint\",\"urlTemplate\":\"https:\/\/homecard.com.br\/portal\/?s={search_term_string}\"},\"query-input\":{\"@type\":\"PropertyValueSpecification\",\"valueRequired\":true,\"valueName\":\"search_term_string\"}}],\"inLanguage\":\"pt-BR\"},{\"@type\":\"Organization\",\"@id\":\"https:\/\/homecard.com.br\/portal\/#organization\",\"name\":\"Homecard LTDA\",\"url\":\"https:\/\/homecard.com.br\/portal\/\",\"logo\":{\"@type\":\"ImageObject\",\"inLanguage\":\"pt-BR\",\"@id\":\"https:\/\/homecard.com.br\/portal\/#\/schema\/logo\/image\/\",\"url\":\"https:\/\/homecard.com.br\/portal\/wp-content\/uploads\/2025\/07\/logo-H-homecard.png\",\"contentUrl\":\"https:\/\/homecard.com.br\/portal\/wp-content\/uploads\/2025\/07\/logo-H-homecard.png\",\"width\":921,\"height\":865,\"caption\":\"Homecard LTDA\"},\"image\":{\"@id\":\"https:\/\/homecard.com.br\/portal\/#\/schema\/logo\/image\/\"},\"sameAs\":[\"https:\/\/www.instagram.com\/homecardsites\"]}]}<\/script>\n<!-- \/ Yoast SEO plugin. -->","yoast_head_json":{"title":"Sites em Juiz de Fora-MG - Homecard Desenvolvimento e Cria\u00e7\u00e3o de Sites em Juiz de Fora-MG (32) 9 8844-3992","description":"Desenvolvimento de sites em Juiz de Fora e projetos personalizados com foco em inova\u00e7\u00e3o, atendimento e resultados.","robots":{"index":"index","follow":"follow","max-snippet":"max-snippet:-1","max-image-preview":"max-image-preview:large","max-video-preview":"max-video-preview:-1"},"canonical":"https:\/\/homecard.com.br\/portal\/index.php\/sites-em-juiz-de-fora-mg\/","og_locale":"pt_BR","og_type":"article","og_title":"Sites em Juiz de Fora-MG - Homecard Desenvolvimento e Cria\u00e7\u00e3o de Sites em Juiz de Fora-MG (32) 9 8844-3992","og_description":"Desenvolvimento de sites em Juiz de Fora e projetos personalizados com foco em inova\u00e7\u00e3o, atendimento e resultados.","og_url":"https:\/\/homecard.com.br\/portal\/index.php\/sites-em-juiz-de-fora-mg\/","og_site_name":"Homecard Desenvolvimento e Cria\u00e7\u00e3o de Sites em Juiz de Fora-MG (32) 9 8844-3992","article_modified_time":"2025-07-30T23:22:04+00:00","og_image":[{"url":"https:\/\/s.w.org\/images\/core\/emoji\/15.1.0\/svg\/1f449.svg","type":"","width":"","height":""}],"twitter_card":"summary_large_image","twitter_misc":{"Est. tempo de leitura":"4 minutos"},"schema":{"@context":"https:\/\/schema.org","@graph":[{"@type":"WebPage","@id":"https:\/\/homecard.com.br\/portal\/index.php\/sites-em-juiz-de-fora-mg\/","url":"https:\/\/homecard.com.br\/portal\/index.php\/sites-em-juiz-de-fora-mg\/","name":"Sites em Juiz de Fora-MG - Homecard Desenvolvimento e Cria\u00e7\u00e3o de Sites em Juiz de Fora-MG (32) 9 8844-3992","isPartOf":{"@id":"https:\/\/homecard.com.br\/portal\/#website"},"primaryImageOfPage":{"@id":"https:\/\/homecard.com.br\/portal\/index.php\/sites-em-juiz-de-fora-mg\/#primaryimage"},"image":{"@id":"https:\/\/homecard.com.br\/portal\/index.php\/sites-em-juiz-de-fora-mg\/#primaryimage"},"thumbnailUrl":"https:\/\/s.w.org\/images\/core\/emoji\/15.1.0\/svg\/1f449.svg","datePublished":"2025-07-23T03:48:37+00:00","dateModified":"2025-07-30T23:22:04+00:00","description":"Desenvolvimento de sites em Juiz de Fora e projetos personalizados com foco em inova\u00e7\u00e3o, atendimento e resultados.","breadcrumb":{"@id":"https:\/\/homecard.com.br\/portal\/index.php\/sites-em-juiz-de-fora-mg\/#breadcrumb"},"inLanguage":"pt-BR","potentialAction":[{"@type":"ReadAction","target":["https:\/\/homecard.com.br\/portal\/index.php\/sites-em-juiz-de-fora-mg\/"]}]},{"@type":"ImageObject","inLanguage":"pt-BR","@id":"https:\/\/homecard.com.br\/portal\/index.php\/sites-em-juiz-de-fora-mg\/#primaryimage","url":"https:\/\/s.w.org\/images\/core\/emoji\/15.1.0\/svg\/1f449.svg","contentUrl":"https:\/\/s.w.org\/images\/core\/emoji\/15.1.0\/svg\/1f449.svg"},{"@type":"BreadcrumbList","@id":"https:\/\/homecard.com.br\/portal\/index.php\/sites-em-juiz-de-fora-mg\/#breadcrumb","itemListElement":[{"@type":"ListItem","position":1,"name":"In\u00edcio","item":"https:\/\/homecard.com.br\/portal\/"},{"@type":"ListItem","position":2,"name":"Sites em Juiz de Fora-MG"}]},{"@type":"WebSite","@id":"https:\/\/homecard.com.br\/portal\/#website","url":"https:\/\/homecard.com.br\/portal\/","name":"Homecard Sites | Desenvolvimento e Cria\u00e7\u00e3o de Sites em Juiz de Fora-MG | (32) 9 8844-3992","description":"Especialistas em desenvolvimento e cria\u00e7\u00e3o de sites em Juiz de Fora-MG, a Homecard oferece solu\u00e7\u00f5es digitais completas para impulsionar seu neg\u00f3cio. De sites profissionais a lojas virtuais, nossa miss\u00e3o \u00e9 transformar suas ideias em resultados concretos.","publisher":{"@id":"https:\/\/homecard.com.br\/portal\/#organization"},"potentialAction":[{"@type":"SearchAction","target":{"@type":"EntryPoint","urlTemplate":"https:\/\/homecard.com.br\/portal\/?s={search_term_string}"},"query-input":{"@type":"PropertyValueSpecification","valueRequired":true,"valueName":"search_term_string"}}],"inLanguage":"pt-BR"},{"@type":"Organization","@id":"https:\/\/homecard.com.br\/portal\/#organization","name":"Homecard LTDA","url":"https:\/\/homecard.com.br\/portal\/","logo":{"@type":"ImageObject","inLanguage":"pt-BR","@id":"https:\/\/homecard.com.br\/portal\/#\/schema\/logo\/image\/","url":"https:\/\/homecard.com.br\/portal\/wp-content\/uploads\/2025\/07\/logo-H-homecard.png","contentUrl":"https:\/\/homecard.com.br\/portal\/wp-content\/uploads\/2025\/07\/logo-H-homecard.png","width":921,"height":865,"caption":"Homecard LTDA"},"image":{"@id":"https:\/\/homecard.com.br\/portal\/#\/schema\/logo\/image\/"},"sameAs":["https:\/\/www.instagram.com\/homecardsites"]}]}},"_links":{"self":[{"href":"https:\/\/homecard.com.br\/portal\/index.php\/wp-json\/wp\/v2\/pages\/241","targetHints":{"allow":["GET"]}}],"collection":[{"href":"https:\/\/homecard.com.br\/portal\/index.php\/wp-json\/wp\/v2\/pages"}],"about":[{"href":"https:\/\/homecard.com.br\/portal\/index.php\/wp-json\/wp\/v2\/types\/page"}],"author":[{"embeddable":true,"href":"https:\/\/homecard.com.br\/portal\/index.php\/wp-json\/wp\/v2\/users\/1"}],"replies":[{"embeddable":true,"href":"https:\/\/homecard.com.br\/portal\/index.php\/wp-json\/wp\/v2\/comments?post=241"}],"version-history":[{"count":11,"href":"https:\/\/homecard.com.br\/portal\/index.php\/wp-json\/wp\/v2\/pages\/241\/revisions"}],"predecessor-version":[{"id":311,"href":"https:\/\/homecard.com.br\/portal\/index.php\/wp-json\/wp\/v2\/pages\/241\/revisions\/311"}],"wp:attachment":[{"href":"https:\/\/homecard.com.br\/portal\/index.php\/wp-json\/wp\/v2\/media?parent=241"}],"curies":[{"name":"wp","href":"https:\/\/api.w.org\/{rel}","templated":true}]}}